{"id":11,"date":"2019-03-28T10:17:37","date_gmt":"2019-03-28T10:17:37","guid":{"rendered":"https:\/\/lafka.althemist.com\/fastfood\/?page_id=11"},"modified":"2025-11-20T23:11:26","modified_gmt":"2025-11-20T22:11:26","slug":"home","status":"publish","type":"page","link":"https:\/\/amodomio.ch\/it\/","title":{"rendered":"Home"},"content":{"rendered":"<div data-vc-full-width=\"true\" data-vc-full-width-init=\"false\" class=\"vc_row wpb_row vc_row-fluid vc_custom_1645892381677 vc_row-has-fill vc_row-o-content-middle vc_row-flex\">\r\n <div class=\"wpb_column vc_column_container vc_col-sm-12 vc_col-has-fill\"><div class=\"vc_column-inner vc_custom_1645892299862\"><div class=\"wpb_wrapper\">\n\t<div class=\"wpb_text_column wpb_content_element vc_custom_1646510906003\" >\n\t\t<div class=\"wpb_wrapper\">\n\t\t\t<h2 style=\"text-align: center;\">Ordina Ora<\/h2>\n\n\t\t<\/div>\n\t<\/div>\n\n<div class=\"vc-zigzag-wrapper vc_custom_1645892428937 vc-zigzag-align-center\"><div class=\"vc-zigzag-inner\" style=\"width: 10%;min-height: 14px;background: 0 repeat-x url(&#039;data:image\/svg+xml;utf-8,%3C%3Fxml%20version%3D%221.0%22%20encoding%3D%22utf-8%22%3F%3E%3C%21DOCTYPE%20svg%20PUBLIC%20%22-%2F%2FW3C%2F%2FDTD%20SVG%201.1%2F%2FEN%22%20%22http%3A%2F%2Fwww.w3.org%2FGraphics%2FSVG%2F1.1%2FDTD%2Fsvg11.dtd%22%3E%3Csvg%20width%3D%2214px%22%20height%3D%2212px%22%20viewBox%3D%220%200%2018%2015%22%20version%3D%221.1%22%20xmlns%3D%22http%3A%2F%2Fwww.w3.org%2F2000%2Fsvg%22%20xmlns%3Axlink%3D%22http%3A%2F%2Fwww.w3.org%2F1999%2Fxlink%22%3E%3Cpolygon%20id%3D%22Combined-Shape%22%20fill%3D%22%23d3c3aa%22%20points%3D%228.98762301%200%200%209.12771969%200%2014.519983%209%205.40479869%2018%2014.519983%2018%209.12771969%22%3E%3C%2Fpolygon%3E%3C%2Fsvg%3E&#039;);\"><\/div><\/div>\n\t<div class=\"wpb_text_column wpb_content_element\" >\n\t\t<div class=\"wpb_wrapper\">\n\t\t\t<form id=\"forminator-module-196\" class=\"forminator-custom-form forminator-custom-form-196\" method=\"post\" data-forminator-render=\"0\" data-uid=\"69e122716e4c8\" action=\"\"><div role=\"alert\" aria-live=\"polite\" class=\"forminator-response-message forminator-error\" aria-hidden=\"true\"><\/div><input type=\"hidden\" name=\"trp-form-language\" value=\"it\"\/><\/form>\n\n\t\t<\/div>\n\t<\/div>\n<\/div><\/div><\/div><\/div>\r\n\r\n<div class=\"vc_row-full-width vc_clearfix\"><\/div>\r\n\r\n<div data-vc-full-width=\"true\" data-vc-full-width-init=\"false\" class=\"vc_row wpb_row vc_row-fluid vc_custom_1622444974029 vc_row-has-fill lafka-align-center lafka-visible-overlay\">\r\n <div class=\"wpb_column vc_column_container vc_col-sm-12\"><div class=\"vc_column-inner\"><div class=\"wpb_wrapper\"><div class=\"vc_row wpb_row vc_inner vc_row-fluid\" >\r\n\t<div class=\"wpb_column vc_column_container vc_col-sm-4\"><div class=\"vc_column-inner\"><div class=\"wpb_wrapper\"><div class=\"vc_icon_element vc_icon_element-outer vc_custom_1622442877197 vc_icon_element-align-center\"><div class=\"vc_icon_element-inner vc_icon_element-color-custom vc_icon_element-size-xl vc_icon_element-style- vc_icon_element-background-color-grey\" ><span class=\"vc_icon_element-icon flaticon-034-waiter\" style=\"color:#1a7f99 !important\"><\/span><\/div><\/div>\n\t<div class=\"wpb_text_column wpb_content_element vc_custom_1646510944369\" >\n\t\t<div class=\"wpb_wrapper\">\n\t\t\t<h6>A tua disposizione<\/h6>\n\n\t\t<\/div>\n\t<\/div>\n\n\t<div class=\"wpb_text_column wpb_content_element\" >\n\t\t<div class=\"wpb_wrapper\">\n\t\t\t<p style=\"margin-top: 0;\">Siamo sempre a vostra disposizione, sia per asporto, consegna a domicilio che consumo al tavolo.<\/p>\n\n\t\t<\/div>\n\t<\/div>\n<\/div><\/div><\/div><div class=\"wpb_column vc_column_container vc_col-sm-4\"><div class=\"vc_column-inner\"><div class=\"wpb_wrapper\"><div class=\"vc_icon_element vc_icon_element-outer vc_custom_1622442884337 vc_icon_element-align-center\"><div class=\"vc_icon_element-inner vc_icon_element-color-custom vc_icon_element-size-xl vc_icon_element-style- vc_icon_element-background-color-grey\" ><span class=\"vc_icon_element-icon flaticon-047-menu\" style=\"color:#1a7f99 !important\"><\/span><\/div><\/div>\n\t<div class=\"wpb_text_column wpb_content_element vc_custom_1646510965101\" >\n\t\t<div class=\"wpb_wrapper\">\n\t\t\t<h6>Menu Originali<\/h6>\n\n\t\t<\/div>\n\t<\/div>\n\n\t<div class=\"wpb_text_column wpb_content_element\" >\n\t\t<div class=\"wpb_wrapper\">\n\t\t\t<p style=\"margin-top: 0;\">Le nostre spille sono originali e realizzate con grande cura e maestria.<\/p>\n\n\t\t<\/div>\n\t<\/div>\n<\/div><\/div><\/div><div class=\"wpb_column vc_column_container vc_col-sm-4\"><div class=\"vc_column-inner\"><div class=\"wpb_wrapper\"><div class=\"vc_icon_element vc_icon_element-outer vc_custom_1758870614413 vc_icon_element-align-center\"><div class=\"vc_icon_element-inner vc_icon_element-color-custom vc_icon_element-size-xl vc_icon_element-style- vc_icon_element-background-color-grey\" ><span class=\"vc_icon_element-icon flaticon-032-food-truck\" style=\"color:#1a7f99 !important\"><\/span><\/div><\/div>\n\t<div class=\"wpb_text_column wpb_content_element vc_custom_1646510996203\" >\n\t\t<div class=\"wpb_wrapper\">\n\t\t\t<h6>Consegna veloce<\/h6>\n\n\t\t<\/div>\n\t<\/div>\n\n\t<div class=\"wpb_text_column wpb_content_element\" >\n\t\t<div class=\"wpb_wrapper\">\n\t\t\t<p style=\"margin-top: 0;\">Consegniamo sempre i nostri ordini nel pi\u00f9 breve tempo possibile.<\/p>\n\n\t\t<\/div>\n\t<\/div>\n<\/div><\/div><\/div><\/div>\r\n\r\n\r\n\r\n<\/div><\/div><\/div><\/div>\r\n\r\n<div class=\"vc_row-full-width vc_clearfix\"><\/div>\r\n\r\n<div data-vc-full-width=\"true\" data-vc-full-width-init=\"false\" class=\"vc_row wpb_row vc_row-fluid vc_custom_1645897224861 vc_row-has-fill lafka-align-center lafka-fixed-background\">\r\n <div class=\"wpb_column vc_column_container vc_col-sm-12\"><div class=\"vc_column-inner\"><div class=\"wpb_wrapper\">\n\t<div class=\"wpb_text_column wpb_content_element vc_custom_1758870651106\" >\n\t\t<div class=\"wpb_wrapper\">\n\t\t\t<h2 style=\"text-align: center;\">Unsere Standorte<\/h2>\n\n\t\t<\/div>\n\t<\/div>\n\n<div class=\"vc-zigzag-wrapper vc_custom_1645897464940 vc-zigzag-align-center\"><div class=\"vc-zigzag-inner\" style=\"width: 10%;min-height: 14px;background: 0 repeat-x url(&#039;data:image\/svg+xml;utf-8,%3C%3Fxml%20version%3D%221.0%22%20encoding%3D%22utf-8%22%3F%3E%3C%21DOCTYPE%20svg%20PUBLIC%20%22-%2F%2FW3C%2F%2FDTD%20SVG%201.1%2F%2FEN%22%20%22http%3A%2F%2Fwww.w3.org%2FGraphics%2FSVG%2F1.1%2FDTD%2Fsvg11.dtd%22%3E%3Csvg%20width%3D%2214px%22%20height%3D%2212px%22%20viewBox%3D%220%200%2018%2015%22%20version%3D%221.1%22%20xmlns%3D%22http%3A%2F%2Fwww.w3.org%2F2000%2Fsvg%22%20xmlns%3Axlink%3D%22http%3A%2F%2Fwww.w3.org%2F1999%2Fxlink%22%3E%3Cpolygon%20id%3D%22Combined-Shape%22%20fill%3D%22%231a7f99%22%20points%3D%228.98762301%200%200%209.12771969%200%2014.519983%209%205.40479869%2018%2014.519983%2018%209.12771969%22%3E%3C%2Fpolygon%3E%3C%2Fsvg%3E&#039;);\"><\/div><\/div><div class=\"vc_row wpb_row vc_inner vc_row-fluid\" >\r\n\t<div class=\"wpb_column vc_column_container vc_col-sm-6\"><div class=\"vc_column-inner\"><div class=\"wpb_wrapper\">\n\t<div class=\"wpb_text_column wpb_content_element vc_custom_1759236319445\" >\n\t\t<div class=\"wpb_wrapper\">\n\t\t\t<h3 style=\"text-align: center;\"><a href=\"https:\/\/amodomio.ch\/it\/winterthur\/\">\ud83d\udc49\ud83c\udffc Winterthur<\/a><\/h3>\n<p style=\"text-align: center;\"><a href=\"https:\/\/www.google.com\/maps\/place\/A+Modo+Mio\/@47.4982095,8.7316387,18z\/data=!3m1!4b1!4m5!3m4!1s0x479a991361c1d417:0xbf62205893a5b349!8m2!3d47.4982081!4d8.7324585\" target=\"_blank\" rel=\"noopener\">General-Guisan-Strasse 1, 8400 Winterthur<\/a><\/p>\n<p style=\"text-align: center; color: #ffffff;\"><a href=\"tel: 41522020200\">Tel: +41 52 202 02 00<\/a><\/p>\n<p style=\"text-align: center; color: #ffffff;\"><a href=\"mailto:infowinterthur@a-modo-mio.ch\">E-mail: infowinterthur@amodomio.ch<\/a><\/p>\n\n\t\t<\/div>\n\t<\/div>\n\n\t<div class=\"wpb_text_column wpb_content_element vc_custom_1763676666524\" >\n\t\t<div class=\"wpb_wrapper\">\n\t\t\t<h3 style=\"text-align: center;\"><a href=\"https:\/\/amodomio.ch\/it\/sirnach\/\">\ud83d\udc49\ud83c\udffc Sirnach<\/a><\/h3>\n<p style=\"text-align: center;\"><a href=\"https:\/\/maps.app.goo.gl\/3WApUL9Z3ZRPYPcT7\" target=\"_blank\" rel=\"noopener\">Wilerstrasse 38, 8370 Sirnach<\/a><\/p>\n<p style=\"text-align: center; color: #ffffff;\"><a href=\"tel: 41712522900\">Tel: +41 71 252 29 00<\/a><\/p>\n<p style=\"text-align: center; color: #ffffff;\"><a href=\"mailto:infowinterthur@a-modo-mio.ch\">E-mail: infosirnach@amodomio.ch<\/a><\/p>\n\n\t\t<\/div>\n\t<\/div>\n<\/div><\/div><\/div><div class=\"wpb_column vc_column_container vc_col-sm-6\"><div class=\"vc_column-inner\"><div class=\"wpb_wrapper\">\n\t<div class=\"wpb_text_column wpb_content_element vc_custom_1759236099097\" >\n\t\t<div class=\"wpb_wrapper\">\n\t\t\t<h3 style=\"text-align: center;\"><a href=\"https:\/\/amodomio.ch\/it\/embrach\/\">\ud83d\udc49\ud83c\udffc Embrach<\/a><\/h3>\n<p style=\"text-align: center; color: #ffffff;\"><a href=\"https:\/\/goo.gl\/maps\/HwoQL9vmCGAPzVuz6\" target=\"_blank\" rel=\"noopener\">Lochackerstrasse 6, 8424 Embrach<\/a><\/p>\n<p style=\"text-align: center;\"><a href=\"tel: 41525257600\">Tel: +41 52 525 76 00<\/a><\/p>\n<p style=\"text-align: center;\"><a href=\"mailto:infoembrach@amodomio.ch\">E-mail: infoembrach@amodomio.ch<\/a><\/p>\n\n\t\t<\/div>\n\t<\/div>\n<\/div><\/div><\/div><\/div>\r\n\r\n\r\n\r\n<\/div><\/div><\/div><\/div>\r\n\r\n<div class=\"vc_row-full-width vc_clearfix\"><\/div>","protected":false},"excerpt":{"rendered":"Jetzt bestellen Zu deiner Verf\u00fcgung Wir stehen Ihnen jederzeit zur Verf\u00fcgung, sowohl zum Mitnehmen, nach Hause liefern als auch zum Verzehr am Tisch. Originelle Men\u00fcs Unsere Pinse sind originell und werden mit gro\u00dfer Sorgfalt und Geschick hergestellt. Schnelle Lieferung Wir liefern unsere Bestellungen immer in k\u00fcrzester Zeit. Unsere Standorte \ud83d\udc49\ud83c\udffc Winterthur General-Guisan-Strasse 1, 8400 Winterthur...<a class=\"r_more_blog\" href=\"https:\/\/amodomio.ch\/it\/#more-11\"> continue reading<\/a>","protected":false},"author":1,"featured_media":0,"parent":0,"menu_order":0,"comment_status":"closed","ping_status":"closed","template":"","meta":{"footnotes":""},"class_list":["post-11","page","type-page","status-publish","hentry"],"_links":{"self":[{"href":"https:\/\/amodomio.ch\/it\/wp-json\/wp\/v2\/pages\/11","targetHints":{"allow":["GET"]}}],"collection":[{"href":"https:\/\/amodomio.ch\/it\/wp-json\/wp\/v2\/pages"}],"about":[{"href":"https:\/\/amodomio.ch\/it\/wp-json\/wp\/v2\/types\/page"}],"author":[{"embeddable":true,"href":"https:\/\/amodomio.ch\/it\/wp-json\/wp\/v2\/users\/1"}],"replies":[{"embeddable":true,"href":"https:\/\/amodomio.ch\/it\/wp-json\/wp\/v2\/comments?post=11"}],"version-history":[{"count":36,"href":"https:\/\/amodomio.ch\/it\/wp-json\/wp\/v2\/pages\/11\/revisions"}],"predecessor-version":[{"id":4968,"href":"https:\/\/amodomio.ch\/it\/wp-json\/wp\/v2\/pages\/11\/revisions\/4968"}],"wp:attachment":[{"href":"https:\/\/amodomio.ch\/it\/wp-json\/wp\/v2\/media?parent=11"}],"curies":[{"name":"wp","href":"https:\/\/api.w.org\/{rel}","templated":true}]}}